{"id":320,"date":"2023-04-02T13:31:11","date_gmt":"2023-04-02T12:31:11","guid":{"rendered":"https:\/\/lw-vt.de\/?page_id=320"},"modified":"2024-12-03T21:25:19","modified_gmt":"2024-12-03T20:25:19","slug":"vereinsjubilaeum-bzw-festwoche-geplant","status":"publish","type":"page","link":"https:\/\/lw-vt.de\/?page_id=320","title":{"rendered":"Interesse?"},"content":{"rendered":"\n<h2 class=\"wp-block-heading\">\u00dcber eine Anfrage w\u00fcrden wir uns sehr freuen, vorab finden Sie hier einige Informationen falls sie ein gr\u00f6\u00dferes Jubil\u00e4umsfest planen.<\/h2>\n\n\n\n<p class=\"has-medium-font-size\"><strong>Wann sollten Sie bei uns anfragen?<\/strong><\/p>\n\n\n\n<p>Wir empfehlen ca. 2 Jahre vor dem Fest, generell gilt: Desto fr\u00fcher desto besser, vor allem f\u00fcr die Monate Mai bis Juli<\/p>\n\n\n\n<p><strong>Was sollte bei Anfrage bereits feststehen?<\/strong><\/p>\n\n\n\n<p>Wichtig ist erstmal der Zeitraum der Veranstaltung und die ungef\u00e4hr geplante Gr\u00f6\u00dfe. Ein konkretes Programm muss noch nicht feststehen. Gerne geben wir ein vorl\u00e4ufiges Angebot als Planungsgrundlage ab.<\/p>\n\n\n\n<p><strong>Brauchen Sie als Veranstalter eine eigene Versicherung f\u00fcr die Eventtechnik?<\/strong><\/p>\n\n\n\n<p>Nein, unser Equipment ist durch eine spezialisierte Versicherung \u00fcber uns abgesichtert.<\/p>\n\n\n\n<p><strong>Welche Leistungen k\u00f6nnen durch LW-VT erbracht werden?<\/strong><\/p>\n\n\n\n<ul class=\"wp-block-list\">\n<li>Beschallungstechnik f\u00fcr das Festzelt, Festgottesdienst, Barzelt, Begr\u00fc\u00dfung und Totengedenken.<\/li>\n\n\n\n<li>B\u00fchnenbeleuchtung mit Wei\u00dflicht und Showlicht. Lichteffekte f\u00fcr die Bar.<\/li>\n\n\n\n<li>Videotechnik mit LCD-TV-Bildschirmen und \/ oder Leinw\u00e4nden mit Beamer.<\/li>\n\n\n\n<li>Wir bieten ausschlie\u00dflich inklusive Betreuung an, es ist bei den Veranstaltungen immer fachkundiges Personal von uns vor Ort.<\/li>\n<\/ul>\n\n\n\n<p><strong>M\u00fcssen vom Veranstalter im Voraus Teilzahlungen erbracht werden?<\/strong><\/p>\n\n\n\n<p>Nein, Abrechnung erfolgt nach erbrachter Dienstleistung<\/p>\n\n\n\n<p><strong>Was muss vom Veranstalter gestellt werden?<\/strong><\/p>\n\n\n\n<ul class=\"wp-block-list\">\n<li>Zeltb\u00fchne, diese wird \u00fcblicherweise durch den Zeltverleiher gestellt<\/li>\n\n\n\n<li>Stromanschluss bei der B\u00fchne, im Standard 32 Ampere CEE. Bei Veranstaltungen mit zus\u00e4tzlichem Showlicht wie z.B. Discoparty zus\u00e4tzlicher 16 Ampere CEE &#8211; Anschluss notwendig. Falls der Einsatz eines Stromaggregates geplant ist unbedingt R\u00fccksprache mit uns halten.<\/li>\n\n\n\n<li>Stromanschluss 230V in der N\u00e4he des Altares f\u00fcr Festgottesdienste. Hier ist auf die Kabell\u00e4ngen zu achten, oft sind die Wege zum n\u00e4chsten Stromanschluss gr\u00f6\u00dfer 70 &#8211; 80 Meter, dann wird ein 16 Ampere CEE Anschluss gebraucht um die notwendigen Kabelquerschnitte zu erreichen damit der Spannungsabfall nicht zu hoch wird.<\/li>\n\n\n\n<li>Stromanschluss 230V in der Bar und max. 50 Meter von einer Begr\u00fc\u00dfungsanlage entfernt. <\/li>\n\n\n\n<li>Wir ben\u00f6tigen Platz neben der B\u00fchne, hier ist jeweils mindestens 1 Meter links und rechts der B\u00fchne freizuhalten.<\/li>\n<\/ul>\n\n\n\n<p><strong>Wie ist der \u00fcbliche Ablauf von der Anfrage bis nach der Veranstaltung?<\/strong><\/p>\n\n\n\n<ul class=\"wp-block-list\">\n<li>Anfrage &gt;= 2 Jahre vor dem Fest, bitte per E-Mail anfragen, dann haben wir alles gleich digital.<\/li>\n\n\n\n<li>Vorangebot durch uns<\/li>\n\n\n\n<li>Zusage durch Veranstalter<\/li>\n\n\n\n<li>6 &#8211; 9 Monate vor der Veranstaltung sollte das Programm feststehen, die B\u00fchnenanweisungen der K\u00fcnstler sollten an uns weitergeleitet sein. Zeltgr\u00f6\u00dfe, Zeltverleiher und B\u00fchnengr\u00f6\u00dfe sollten feststehen. Detailliertes Angebot wird erstellt, pers\u00f6nliche Besprechung mit dem Veranstalter.<\/li>\n\n\n\n<li>2 &#8211; 4 Monate vor der Veranstaltung machen wir die genauere Zeitplanung f\u00fcr die Aufbauarbeiten.<\/li>\n\n\n\n<li>Kurz nach Zeltaufstellung etwa 5 &#8211; 6 Tage vor dem Fest erste Aufbauarbeiten<\/li>\n\n\n\n<li>2 &#8211; 3 Tage vor dem Fest restlicher Aufbau<\/li>\n\n\n\n<li>1 &#8211; 2 Tage davor Einmessen und Einrichtung der Beschallungsanlage<\/li>\n\n\n\n<li>Durchf\u00fchrung des Festes, Aufbauten f\u00fcr Festgottesdienst, Begr\u00fc\u00dfung, Totengedenken werd direkt vor davor durchgef\u00fchrt und anschlie\u00dfend gleich abgebaut.<\/li>\n\n\n\n<li>1 Tag nach dem Fest Abbau durch uns<\/li>\n<\/ul>\n","protected":false},"excerpt":{"rendered":"<p>\u00dcber eine Anfrage w\u00fcrden wir uns sehr freuen, vorab finden Sie hier einige Informationen falls sie ein gr\u00f6\u00dferes Jubil\u00e4umsfest planen. Wann sollten Sie bei uns anfragen? Wir empfehlen ca. 2 Jahre vor dem Fest, generell gilt: Desto fr\u00fcher desto besser, vor allem f\u00fcr die Monate Mai bis Juli Was sollte bei Anfrage bereits feststehen? Wichtig [&hellip;]<\/p>\n","protected":false},"author":1,"featured_media":0,"parent":0,"menu_order":0,"comment_status":"closed","ping_status":"closed","template":"","meta":{"footnotes":""},"class_list":["post-320","page","type-page","status-publish","hentry"],"_links":{"self":[{"href":"https:\/\/lw-vt.de\/index.php?rest_route=\/wp\/v2\/pages\/320","targetHints":{"allow":["GET"]}}],"collection":[{"href":"https:\/\/lw-vt.de\/index.php?rest_route=\/wp\/v2\/pages"}],"about":[{"href":"https:\/\/lw-vt.de\/index.php?rest_route=\/wp\/v2\/types\/page"}],"author":[{"embeddable":true,"href":"https:\/\/lw-vt.de\/index.php?rest_route=\/wp\/v2\/users\/1"}],"replies":[{"embeddable":true,"href":"https:\/\/lw-vt.de\/index.php?rest_route=%2Fwp%2Fv2%2Fcomments&post=320"}],"version-history":[{"count":5,"href":"https:\/\/lw-vt.de\/index.php?rest_route=\/wp\/v2\/pages\/320\/revisions"}],"predecessor-version":[{"id":482,"href":"https:\/\/lw-vt.de\/index.php?rest_route=\/wp\/v2\/pages\/320\/revisions\/482"}],"wp:attachment":[{"href":"https:\/\/lw-vt.de\/index.php?rest_route=%2Fwp%2Fv2%2Fmedia&parent=320"}],"curies":[{"name":"wp","href":"https:\/\/api.w.org\/{rel}","templated":true}]}}