{"id":139,"date":"2022-11-27T18:31:42","date_gmt":"2022-11-27T17:31:42","guid":{"rendered":"https:\/\/lw-vt.de\/?page_id=139"},"modified":"2026-03-02T21:58:03","modified_gmt":"2026-03-02T20:58:03","slug":"home","status":"publish","type":"page","link":"https:\/\/lw-vt.de\/","title":{"rendered":"Home"},"content":{"rendered":"\t\t<div data-elementor-type=\"wp-page\" data-elementor-id=\"139\" class=\"elementor elementor-139\">\n\t\t\t\t\t\t<section class=\"elementor-section elementor-top-section elementor-element elementor-element-70cc94f6 elementor-section-boxed elementor-section-height-default elementor-section-height-default\" data-id=\"70cc94f6\" data-element_type=\"section\" data-e-type=\"section\">\n\t\t\t\t\t\t<div class=\"elementor-container elementor-column-gap-default\">\n\t\t\t\t\t<div class=\"elementor-column elementor-col-100 elementor-top-column elementor-element elementor-element-5cb3ea8\" data-id=\"5cb3ea8\" data-element_type=\"column\" data-e-type=\"column\">\n\t\t\t<div class=\"elementor-widget-wrap elementor-element-populated\">\n\t\t\t\t\t\t<div class=\"elementor-element elementor-element-5635f15d elementor-widget elementor-widget-text-editor\" data-id=\"5635f15d\" data-element_type=\"widget\" data-e-type=\"widget\" data-widget_type=\"text-editor.default\">\n\t\t\t\t<div class=\"elementor-widget-container\">\n\t\t\t\t\t\t\t\t\t<p style=\"text-align: center;\"><span style=\"font-size: 18pt;\"><strong><span style=\"font-family: var( --e-global-typography-text-font-family ), Sans-serif;\">Herzlich Willkommen bei Leitner und Waldherr Veranstaltungstechnik<\/span><\/strong><\/span><\/p>\n<p><!-- \/wp:paragraph --><!-- wp:paragraph --><\/p>\n<p>\u00a0<\/p>\n<p><!-- \/wp:paragraph --><!-- wp:paragraph --><\/p>\n<p><!-- \/wp:paragraph --><\/p>\t\t\t\t\t\t\t\t<\/div>\n\t\t\t\t<\/div>\n\t\t\t\t<div class=\"elementor-element elementor-element-0df9eb0 elementor-widget elementor-widget-text-editor\" data-id=\"0df9eb0\" data-element_type=\"widget\" data-e-type=\"widget\" data-widget_type=\"text-editor.default\">\n\t\t\t\t<div class=\"elementor-widget-container\">\n\t\t\t\t\t\t\t\t\t<p style=\"text-align: center;\">Wir sind Ihr Dienstleister f\u00fcr Eventtechnik im s\u00fcdostbayerischen Raum mit \u00fcber 25 Jahren Erfahrung<\/p>\t\t\t\t\t\t\t\t<\/div>\n\t\t\t\t<\/div>\n\t\t\t\t\t<\/div>\n\t\t<\/div>\n\t\t\t\t\t<\/div>\n\t\t<\/section>\n\t\t\t\t<section class=\"elementor-section elementor-top-section elementor-element elementor-element-ded7d4f elementor-section-boxed elementor-section-height-default elementor-section-height-default\" data-id=\"ded7d4f\" data-element_type=\"section\" data-e-type=\"section\">\n\t\t\t\t\t\t<div class=\"elementor-container elementor-column-gap-default\">\n\t\t\t\t\t<div class=\"elementor-column elementor-col-100 elementor-top-column elementor-element elementor-element-fd5f36b\" data-id=\"fd5f36b\" data-element_type=\"column\" data-e-type=\"column\">\n\t\t\t<div class=\"elementor-widget-wrap\">\n\t\t\t\t\t\t\t<\/div>\n\t\t<\/div>\n\t\t\t\t\t<\/div>\n\t\t<\/section>\n\t\t\t\t<section class=\"elementor-section elementor-top-section elementor-element elementor-element-1f53dca elementor-section-boxed elementor-section-height-default elementor-section-height-default\" data-id=\"1f53dca\" data-element_type=\"section\" data-e-type=\"section\">\n\t\t\t\t\t\t<div class=\"elementor-container elementor-column-gap-default\">\n\t\t\t\t\t<div class=\"elementor-column elementor-col-33 elementor-top-column elementor-element elementor-element-3ea44a7\" data-id=\"3ea44a7\" data-element_type=\"column\" data-e-type=\"column\">\n\t\t\t<div class=\"elementor-widget-wrap elementor-element-populated\">\n\t\t\t\t\t\t<div class=\"elementor-element elementor-element-be01615 elementor-widget elementor-widget-image\" data-id=\"be01615\" data-element_type=\"widget\" data-e-type=\"widget\" data-widget_type=\"image.default\">\n\t\t\t\t<div class=\"elementor-widget-container\">\n\t\t\t\t\t\t\t\t\t\t\t\t\t\t\t<img fetchpriority=\"high\" decoding=\"async\" width=\"1024\" height=\"768\" src=\"https:\/\/lw-vt.de\/wp-content\/uploads\/2024\/11\/IMG_3960-1024x768.webp\" class=\"attachment-large size-large wp-image-439 not-transparent no-lazy\" alt=\"\" srcset=\"https:\/\/lw-vt.de\/wp-content\/uploads\/2024\/11\/IMG_3960-1024x768.webp 1024w, https:\/\/lw-vt.de\/wp-content\/uploads\/2024\/11\/IMG_3960-300x225.webp 300w, https:\/\/lw-vt.de\/wp-content\/uploads\/2024\/11\/IMG_3960-768x576.webp 768w, https:\/\/lw-vt.de\/wp-content\/uploads\/2024\/11\/IMG_3960-1536x1152.webp 1536w, https:\/\/lw-vt.de\/wp-content\/uploads\/2024\/11\/IMG_3960-2048x1536.webp 2048w, https:\/\/lw-vt.de\/wp-content\/uploads\/2024\/11\/IMG_3960-scaled-e1731791011947.webp 660w\" sizes=\"(max-width: 1024px) 100vw, 1024px\" data-has-transparency=\"false\" data-dominant-color=\"746f6b\" style=\"--dominant-color: #746f6b\" \/>\t\t\t\t\t\t\t\t\t\t\t\t\t\t\t<\/div>\n\t\t\t\t<\/div>\n\t\t\t\t\t<\/div>\n\t\t<\/div>\n\t\t\t\t<div class=\"elementor-column elementor-col-33 elementor-top-column elementor-element elementor-element-b543939\" data-id=\"b543939\" data-element_type=\"column\" data-e-type=\"column\">\n\t\t\t<div class=\"elementor-widget-wrap elementor-element-populated\">\n\t\t\t\t\t\t<div class=\"elementor-element elementor-element-1c9ba96 elementor-widget elementor-widget-image\" data-id=\"1c9ba96\" data-element_type=\"widget\" data-e-type=\"widget\" data-widget_type=\"image.default\">\n\t\t\t\t<div class=\"elementor-widget-container\">\n\t\t\t\t\t\t\t\t\t\t\t\t\t\t\t<img decoding=\"async\" width=\"1024\" height=\"768\" src=\"https:\/\/lw-vt.de\/wp-content\/uploads\/2023\/03\/IMG_0846-1024x768.jpeg\" class=\"attachment-large size-large wp-image-304 no-lazy\" alt=\"\" srcset=\"https:\/\/lw-vt.de\/wp-content\/uploads\/2023\/03\/IMG_0846-1024x768.jpeg 1024w, https:\/\/lw-vt.de\/wp-content\/uploads\/2023\/03\/IMG_0846-300x225.jpeg 300w, https:\/\/lw-vt.de\/wp-content\/uploads\/2023\/03\/IMG_0846-768x576.jpeg 768w, https:\/\/lw-vt.de\/wp-content\/uploads\/2023\/03\/IMG_0846-1536x1152.jpeg 1536w, https:\/\/lw-vt.de\/wp-content\/uploads\/2023\/03\/IMG_0846-2048x1536.jpeg 2048w, https:\/\/lw-vt.de\/wp-content\/uploads\/2023\/03\/IMG_0846-800x600.jpeg 800w, https:\/\/lw-vt.de\/wp-content\/uploads\/2023\/03\/IMG_0846-400x300.jpeg 400w\" sizes=\"(max-width: 1024px) 100vw, 1024px\" \/>\t\t\t\t\t\t\t\t\t\t\t\t\t\t\t<\/div>\n\t\t\t\t<\/div>\n\t\t\t\t\t<\/div>\n\t\t<\/div>\n\t\t\t\t<div class=\"elementor-column elementor-col-33 elementor-top-column elementor-element elementor-element-77cda57\" data-id=\"77cda57\" data-element_type=\"column\" data-e-type=\"column\">\n\t\t\t<div class=\"elementor-widget-wrap elementor-element-populated\">\n\t\t\t\t\t\t<div class=\"elementor-element elementor-element-cf08306 elementor-widget elementor-widget-image\" data-id=\"cf08306\" data-element_type=\"widget\" data-e-type=\"widget\" data-widget_type=\"image.default\">\n\t\t\t\t<div class=\"elementor-widget-container\">\n\t\t\t\t\t\t\t\t\t\t\t\t\t\t\t<img decoding=\"async\" width=\"1024\" height=\"683\" src=\"https:\/\/lw-vt.de\/wp-content\/uploads\/2023\/03\/577984_80_90ger_Party_Hl_Kreuz_046-1024x683.jpg\" class=\"attachment-large size-large wp-image-300 no-lazy\" alt=\"\" srcset=\"https:\/\/lw-vt.de\/wp-content\/uploads\/2023\/03\/577984_80_90ger_Party_Hl_Kreuz_046-1024x683.jpg 1024w, https:\/\/lw-vt.de\/wp-content\/uploads\/2023\/03\/577984_80_90ger_Party_Hl_Kreuz_046-300x200.jpg 300w, https:\/\/lw-vt.de\/wp-content\/uploads\/2023\/03\/577984_80_90ger_Party_Hl_Kreuz_046-768x512.jpg 768w, https:\/\/lw-vt.de\/wp-content\/uploads\/2023\/03\/577984_80_90ger_Party_Hl_Kreuz_046-1536x1024.jpg 1536w, https:\/\/lw-vt.de\/wp-content\/uploads\/2023\/03\/577984_80_90ger_Party_Hl_Kreuz_046-2048x1366.jpg 2048w, https:\/\/lw-vt.de\/wp-content\/uploads\/2023\/03\/577984_80_90ger_Party_Hl_Kreuz_046-800x533.jpg 800w\" sizes=\"(max-width: 1024px) 100vw, 1024px\" \/>\t\t\t\t\t\t\t\t\t\t\t\t\t\t\t<\/div>\n\t\t\t\t<\/div>\n\t\t\t\t\t<\/div>\n\t\t<\/div>\n\t\t\t\t\t<\/div>\n\t\t<\/section>\n\t\t\t\t<\/div>\n\t\t","protected":false},"excerpt":{"rendered":"<p>Herzlich Willkommen bei Leitner und Waldherr Veranstaltungstechnik \u00a0 Wir sind Ihr Dienstleister f\u00fcr Eventtechnik im s\u00fcdostbayerischen Raum mit \u00fcber 25 Jahren Erfahrung<\/p>\n","protected":false},"author":1,"featured_media":0,"parent":0,"menu_order":0,"comment_status":"closed","ping_status":"closed","template":"","meta":{"footnotes":""},"class_list":["post-139","page","type-page","status-publish","hentry"],"_links":{"self":[{"href":"https:\/\/lw-vt.de\/index.php?rest_route=\/wp\/v2\/pages\/139","targetHints":{"allow":["GET"]}}],"collection":[{"href":"https:\/\/lw-vt.de\/index.php?rest_route=\/wp\/v2\/pages"}],"about":[{"href":"https:\/\/lw-vt.de\/index.php?rest_route=\/wp\/v2\/types\/page"}],"author":[{"embeddable":true,"href":"https:\/\/lw-vt.de\/index.php?rest_route=\/wp\/v2\/users\/1"}],"replies":[{"embeddable":true,"href":"https:\/\/lw-vt.de\/index.php?rest_route=%2Fwp%2Fv2%2Fcomments&post=139"}],"version-history":[{"count":27,"href":"https:\/\/lw-vt.de\/index.php?rest_route=\/wp\/v2\/pages\/139\/revisions"}],"predecessor-version":[{"id":529,"href":"https:\/\/lw-vt.de\/index.php?rest_route=\/wp\/v2\/pages\/139\/revisions\/529"}],"wp:attachment":[{"href":"https:\/\/lw-vt.de\/index.php?rest_route=%2Fwp%2Fv2%2Fmedia&parent=139"}],"curies":[{"name":"wp","href":"https:\/\/api.w.org\/{rel}","templated":true}]}}